{"id":1388,"date":"2026-01-09T16:07:47","date_gmt":"2026-01-09T15:07:47","guid":{"rendered":"https:\/\/www.alexandraundcornel.ch\/?page_id=1388"},"modified":"2026-02-01T11:25:49","modified_gmt":"2026-02-01T10:25:49","slug":"herstellung","status":"publish","type":"page","link":"https:\/\/www.wurzelart.ch\/index.php\/herstellung\/","title":{"rendered":"Herstellung"},"content":{"rendered":"<div class=\"heading wordwrapfix\">\n<h4>1. Schritt: Das passende St\u00fcck Holz finden<\/h4>\n<\/div>\n<div class=\"content\">\n<div class=\"img-simple span6 pull-right\">\n<div class=\"image\">\n<p><span style=\"font-size: 1rem;\">Der erste Schritt ist der Entscheidende! Ich k\u00f6nnte Stunden im Bachbett oder am Rhein\u00a0 verbringen. Manchmal und mit etwas Geduld werden dort erstaunliche Dinge freigegeben. Sie kommen einfach zu mir.<\/span><\/p>\n<h4 style=\"padding-top: 0px; font-size: 16px;\"><img loading=\"lazy\" decoding=\"async\" class=\"size-medium wp-image-2122 alignleft\" src=\"https:\/\/www.wurzelart.ch\/wp-content\/uploads\/2026\/02\/Wurzel-225x300.jpeg\" alt=\"\" width=\"225\" height=\"300\" srcset=\"https:\/\/www.wurzelart.ch\/wp-content\/uploads\/2026\/02\/Wurzel-225x300.jpeg 225w, https:\/\/www.wurzelart.ch\/wp-content\/uploads\/2026\/02\/Wurzel-768x1024.jpeg 768w, https:\/\/www.wurzelart.ch\/wp-content\/uploads\/2026\/02\/Wurzel-1152x1536.jpeg 1152w, https:\/\/www.wurzelart.ch\/wp-content\/uploads\/2026\/02\/Wurzel-350x467.jpeg 350w, https:\/\/www.wurzelart.ch\/wp-content\/uploads\/2026\/02\/Wurzel.jpeg 1200w\" sizes=\"auto, (max-width: 225px) 100vw, 225px\" \/><\/h4>\n<\/div>\n<\/div>\n<h4>\u00a02. Schritt: Das Holz bearbeiten<\/h4>\n<p>Jedes Holz ist anders in seiner Farbe und Struktur. Die Herstellung einer Figur dauert je nach Komplexit\u00e4t der Ausf\u00fchrung sowie H\u00e4rte des Holzes 40-80 Stunden. Aus ausgesuchten Wurzeln oder Schwemmholz fertige ich einzigartige schmale ca. 1 Meter hohe Figuren. Die \u00fcberdimensionale L\u00e4nge der Figuren verleiht ihnen dabei ihren unverwechselbaren Charme .<\/p>\n<p><img loading=\"lazy\" decoding=\"async\" class=\"alignnone size-medium wp-image-2127\" src=\"https:\/\/www.wurzelart.ch\/wp-content\/uploads\/2026\/02\/IMG_4135-225x300.jpeg\" alt=\"\" width=\"225\" height=\"300\" srcset=\"https:\/\/www.wurzelart.ch\/wp-content\/uploads\/2026\/02\/IMG_4135-225x300.jpeg 225w, https:\/\/www.wurzelart.ch\/wp-content\/uploads\/2026\/02\/IMG_4135-768x1024.jpeg 768w, https:\/\/www.wurzelart.ch\/wp-content\/uploads\/2026\/02\/IMG_4135-1152x1536.jpeg 1152w, https:\/\/www.wurzelart.ch\/wp-content\/uploads\/2026\/02\/IMG_4135-350x467.jpeg 350w, https:\/\/www.wurzelart.ch\/wp-content\/uploads\/2026\/02\/IMG_4135.jpeg 1536w\" sizes=\"auto, (max-width: 225px) 100vw, 225px\" \/><\/p>\n<p>Die Figuren werden\u00a0 von mir in Handarbeit geschnitzt und bemalt. Hammer Stechbeutel und wenige ausgew\u00e4hlte Schnitzmesser sind meine Lieblingswerkzeuge. Die fertigen Figuren m\u00fcssen in einem weiteren Arbeitsschritt einem Feinschliff unterzogen werden, bevor Sie bemalt werden. Erst dies<span style=\"font-size: 1rem;\">\u00a0verleiht Ihnen schliesslich ihren ausdruckstarken Charakter.<\/span><img loading=\"lazy\" decoding=\"async\" class=\"alignnone wp-image-2126 size-medium\" style=\"font-size: 1rem;\" src=\"https:\/\/www.wurzelart.ch\/wp-content\/uploads\/2026\/02\/184debe0-e447-491b-bf60-b8fe28b4164d-e1769941017809-300x157.jpeg\" alt=\"\" width=\"300\" height=\"157\" srcset=\"https:\/\/www.wurzelart.ch\/wp-content\/uploads\/2026\/02\/184debe0-e447-491b-bf60-b8fe28b4164d-e1769941017809-300x157.jpeg 300w, https:\/\/www.wurzelart.ch\/wp-content\/uploads\/2026\/02\/184debe0-e447-491b-bf60-b8fe28b4164d-e1769941017809-1024x536.jpeg 1024w, https:\/\/www.wurzelart.ch\/wp-content\/uploads\/2026\/02\/184debe0-e447-491b-bf60-b8fe28b4164d-e1769941017809-768x402.jpeg 768w, https:\/\/www.wurzelart.ch\/wp-content\/uploads\/2026\/02\/184debe0-e447-491b-bf60-b8fe28b4164d-e1769941017809-350x183.jpeg 350w, https:\/\/www.wurzelart.ch\/wp-content\/uploads\/2026\/02\/184debe0-e447-491b-bf60-b8fe28b4164d-e1769941017809.jpeg 1304w\" sizes=\"auto, (max-width: 300px) 100vw, 300px\" \/><\/p>\n<p>Die Figuren\u00a0 ben\u00f6tigen nur wenig Platz Sockelbreite\u00a0 20 x20 cm und werden so im Nu jede Ecke versch\u00f6nern.<br \/>\nJeder der sie sieht, wird davon begeistert sein und Sie darum beneiden.<\/p>\n<p>Bei den neuesten Figuren bin ich 2025 einen Schritt weitergegangen Inzwischen handelt es sich um dreidimensionale Bilder, welche Ihnen ihre eigene Geschichte erz\u00e4hlen.<\/p>\n<p><img loading=\"lazy\" decoding=\"async\" class=\"wp-image-2128 size-medium alignnone\" style=\"font-size: 1rem;\" src=\"https:\/\/www.wurzelart.ch\/wp-content\/uploads\/2026\/02\/IMG_4204-e1769941390695-193x300.jpeg\" alt=\"\" width=\"193\" height=\"300\" srcset=\"https:\/\/www.wurzelart.ch\/wp-content\/uploads\/2026\/02\/IMG_4204-e1769941390695-193x300.jpeg 193w, https:\/\/www.wurzelart.ch\/wp-content\/uploads\/2026\/02\/IMG_4204-e1769941390695-658x1024.jpeg 658w, https:\/\/www.wurzelart.ch\/wp-content\/uploads\/2026\/02\/IMG_4204-e1769941390695-768x1195.jpeg 768w, https:\/\/www.wurzelart.ch\/wp-content\/uploads\/2026\/02\/IMG_4204-e1769941390695-350x545.jpeg 350w, https:\/\/www.wurzelart.ch\/wp-content\/uploads\/2026\/02\/IMG_4204-e1769941390695.jpeg 960w\" sizes=\"auto, (max-width: 193px) 100vw, 193px\" \/><\/p>\n<p>I<strong style=\"font-size: 1rem;\">deal f\u00fcr all Jene, deren W\u00e4nde bereits voll mit Bildern sind.<\/strong><\/p>\n<\/div>\n","protected":false},"excerpt":{"rendered":"<p>1. Schritt: Das passende St\u00fcck Holz finden Der erste Schritt ist der Entscheidende! Ich k\u00f6nnte Stunden im Bachbett oder am Rhein\u00a0 verbringen. Manchmal und mit etwas Geduld werden dort erstaunliche Dinge freigegeben. Sie kommen einfach zu mir. \u00a02. Schritt: Das Holz bearbeiten Jedes Holz ist anders in seiner Farbe und Struktur. Die Herstellung einer Figur &hellip; <\/p>\n<p class=\"link-more\"><a href=\"https:\/\/www.wurzelart.ch\/index.php\/herstellung\/\" class=\"more-link\"><span class=\"screen-reader-text\">\u201eHerstellung\u201c<\/span> weiterlesen<\/a><\/p>\n","protected":false},"author":2,"featured_media":0,"parent":0,"menu_order":0,"comment_status":"closed","ping_status":"closed","template":"","meta":{"footnotes":""},"class_list":["post-1388","page","type-page","status-publish","hentry"],"_links":{"self":[{"href":"https:\/\/www.wurzelart.ch\/index.php\/wp-json\/wp\/v2\/pages\/1388","targetHints":{"allow":["GET"]}}],"collection":[{"href":"https:\/\/www.wurzelart.ch\/index.php\/wp-json\/wp\/v2\/pages"}],"about":[{"href":"https:\/\/www.wurzelart.ch\/index.php\/wp-json\/wp\/v2\/types\/page"}],"author":[{"embeddable":true,"href":"https:\/\/www.wurzelart.ch\/index.php\/wp-json\/wp\/v2\/users\/2"}],"replies":[{"embeddable":true,"href":"https:\/\/www.wurzelart.ch\/index.php\/wp-json\/wp\/v2\/comments?post=1388"}],"version-history":[{"count":17,"href":"https:\/\/www.wurzelart.ch\/index.php\/wp-json\/wp\/v2\/pages\/1388\/revisions"}],"predecessor-version":[{"id":2130,"href":"https:\/\/www.wurzelart.ch\/index.php\/wp-json\/wp\/v2\/pages\/1388\/revisions\/2130"}],"wp:attachment":[{"href":"https:\/\/www.wurzelart.ch\/index.php\/wp-json\/wp\/v2\/media?parent=1388"}],"curies":[{"name":"wp","href":"https:\/\/api.w.org\/{rel}","templated":true}]}}