{"id":2094,"date":"2026-02-22T20:53:36","date_gmt":"2026-02-22T19:53:36","guid":{"rendered":"https:\/\/www.wurzelart.ch\/?page_id=2094"},"modified":"2026-02-22T22:20:56","modified_gmt":"2026-02-22T21:20:56","slug":"engagement","status":"publish","type":"page","link":"https:\/\/www.wurzelart.ch\/index.php\/engagement\/","title":{"rendered":"Engagement"},"content":{"rendered":"<h2><strong>Bildung ver\u00e4ndert Leben <\/strong><\/h2>\n<p><img loading=\"lazy\" decoding=\"async\" class=\"alignnone size-medium wp-image-2155\" src=\"https:\/\/www.wurzelart.ch\/wp-content\/uploads\/2026\/02\/Bildung-veraendert-Leben-300x169.jpeg\" alt=\"\" width=\"300\" height=\"169\" srcset=\"https:\/\/www.wurzelart.ch\/wp-content\/uploads\/2026\/02\/Bildung-veraendert-Leben-300x169.jpeg 300w, https:\/\/www.wurzelart.ch\/wp-content\/uploads\/2026\/02\/Bildung-veraendert-Leben-1024x576.jpeg 1024w, https:\/\/www.wurzelart.ch\/wp-content\/uploads\/2026\/02\/Bildung-veraendert-Leben-768x432.jpeg 768w, https:\/\/www.wurzelart.ch\/wp-content\/uploads\/2026\/02\/Bildung-veraendert-Leben-1536x864.jpeg 1536w, https:\/\/www.wurzelart.ch\/wp-content\/uploads\/2026\/02\/Bildung-veraendert-Leben-350x197.jpeg 350w, https:\/\/www.wurzelart.ch\/wp-content\/uploads\/2026\/02\/Bildung-veraendert-Leben.jpeg 2048w\" sizes=\"auto, (max-width: 300px) 100vw, 300px\" \/><\/p>\n<p data-start=\"366\" data-end=\"611\">Die St. Filisca ECDE Junior School befindet sich in Bondo, im Migori County im Westen Kenias. Sie wurde im Jahr 2005 gegr\u00fcndet mit dem Ziel, Kindern aus benachteiligten Familien Zugang zu fr\u00fcher und grundlegender Schulbildung zu erm\u00f6glichen.<\/p>\n<p data-start=\"613\" data-end=\"831\">Die Region ist l\u00e4ndlich gepr\u00e4gt und steht vor grossen sozialen und wirtschaftlichen Herausforderungen. Viele Familien leben von unsicheren Einkommen. Schulbildung ist f\u00fcr zahlreiche Kinder keine Selbstverst\u00e4ndlichkeit.<\/p>\n<p data-start=\"833\" data-end=\"913\">Heute besuchen rund 150 Kinder die Schule. Etwa 10 % sind Voll- oder Halbwaisen.<\/p>\n<h2 data-start=\"1086\" data-end=\"1114\">Die Geschichte der Schule<\/h2>\n<p data-start=\"1116\" data-end=\"1300\">Die Schule begann in einfachen Lehmh\u00fctten mit minimaler Infrastruktur. Trotz sehr begrenzter Mittel entwickelte sie sich \u00fcber die Jahre zu einem wichtigen Bildungsort f\u00fcr die Gemeinde.<\/p>\n<p data-start=\"1302\" data-end=\"1532\">Im Jahr 2022 stand die Schule vor einer existenziellen Herausforderung:<br data-start=\"1373\" data-end=\"1376\" \/>Die urspr\u00fcnglichen Geb\u00e4ude waren stark besch\u00e4digt und einsturzgef\u00e4hrdet. Um die staatliche Lizenz zu behalten, mussten sichere Schulr\u00e4ume geschaffen werden.<\/p>\n<p data-start=\"1534\" data-end=\"1681\">In enger Zusammenarbeit mit lokalen Verantwortlichen konnten stabile Wellblech-Schulr\u00e4ume errichtet werden. Damit wurde der Schulbetrieb gesichert.<\/p>\n<p data-start=\"1683\" data-end=\"1882\">Seither wird Schritt f\u00fcr Schritt an einer nachhaltigen Weiterentwicklung gearbeitet \u2013 mit dem Ziel, langfristig sichere Geb\u00e4ude, funktionierende Infrastruktur und stabile Lernbedingungen zu schaffen.<\/p>\n<p data-start=\"1683\" data-end=\"1882\"><img loading=\"lazy\" decoding=\"async\" class=\"alignnone size-medium wp-image-2159\" src=\"https:\/\/www.wurzelart.ch\/wp-content\/uploads\/2026\/02\/Schule--300x225.jpeg\" alt=\"\" width=\"300\" height=\"225\" srcset=\"https:\/\/www.wurzelart.ch\/wp-content\/uploads\/2026\/02\/Schule--300x225.jpeg 300w, https:\/\/www.wurzelart.ch\/wp-content\/uploads\/2026\/02\/Schule--1024x768.jpeg 1024w, https:\/\/www.wurzelart.ch\/wp-content\/uploads\/2026\/02\/Schule--768x576.jpeg 768w, https:\/\/www.wurzelart.ch\/wp-content\/uploads\/2026\/02\/Schule--350x263.jpeg 350w, https:\/\/www.wurzelart.ch\/wp-content\/uploads\/2026\/02\/Schule-.jpeg 1040w\" sizes=\"auto, (max-width: 300px) 100vw, 300px\" \/><\/p>\n<h2 data-start=\"2083\" data-end=\"2104\">Heute<\/h2>\n<p data-start=\"2106\" data-end=\"2169\">Die Schule steht weiterhin vor strukturellen Herausforderungen:<\/p>\n<ul data-start=\"2171\" data-end=\"2360\">\n<li data-start=\"2171\" data-end=\"2213\">\n<p data-start=\"2173\" data-end=\"2213\">Ausbau und Verbesserung der Schulr\u00e4ume<\/p>\n<\/li>\n<li data-start=\"2171\" data-end=\"2213\">\n<p data-start=\"2173\" data-end=\"2213\">sanit\u00e4re Anlagen<\/p>\n<\/li>\n<li data-start=\"2235\" data-end=\"2274\">\n<p data-start=\"2237\" data-end=\"2274\">sichere Wasser- und Stromversorgung<\/p>\n<\/li>\n<li data-start=\"2275\" data-end=\"2339\">\n<p data-start=\"2277\" data-end=\"2339\">regelm\u00e4ssige und verl\u00e4ssliche Lohnzahlungen f\u00fcr Lehrpersonen<\/p>\n<\/li>\n<li data-start=\"2340\" data-end=\"2360\">\n<p data-start=\"2342\" data-end=\"2360\">Schulmaterialien<\/p>\n<\/li>\n<\/ul>\n<p data-start=\"2362\" data-end=\"2513\">Trotzdem ist der Einsatz der Lehrpersonen und der Wille der Kinder beeindruckend. Die Schule ist heute nicht nur ein Lernort, sondern ein wichtiger sozialer Anker f\u00fcr viele Familien der Region.<\/p>\n<h2 data-start=\"3323\" data-end=\"3349\">Verbindung zu Wurzelart<\/h2>\n<p data-start=\"3351\" data-end=\"3416\">Wurzelart steht f\u00fcr Handwerk, Verantwortung und gewachsene Werte.<\/p>\n<p data-start=\"3418\" data-end=\"3539\">25 % des Erl\u00f6ses aus dem Verkauf der Holzfiguren fliessen direkt in die Unterst\u00fctzung der St. Filisca ECDE Junior School.<\/p>\n<p data-start=\"3541\" data-end=\"3600\">So verbindet sich kreatives Schaffen mit konkreter Wirkung.<\/p>\n<p><img loading=\"lazy\" decoding=\"async\" class=\"alignnone size-medium wp-image-2158\" src=\"https:\/\/www.wurzelart.ch\/wp-content\/uploads\/2026\/02\/Sportplatz-300x169.jpeg\" alt=\"\" width=\"300\" height=\"169\" srcset=\"https:\/\/www.wurzelart.ch\/wp-content\/uploads\/2026\/02\/Sportplatz-300x169.jpeg 300w, https:\/\/www.wurzelart.ch\/wp-content\/uploads\/2026\/02\/Sportplatz-1024x576.jpeg 1024w, https:\/\/www.wurzelart.ch\/wp-content\/uploads\/2026\/02\/Sportplatz-768x432.jpeg 768w, https:\/\/www.wurzelart.ch\/wp-content\/uploads\/2026\/02\/Sportplatz-1536x864.jpeg 1536w, https:\/\/www.wurzelart.ch\/wp-content\/uploads\/2026\/02\/Sportplatz-350x197.jpeg 350w, https:\/\/www.wurzelart.ch\/wp-content\/uploads\/2026\/02\/Sportplatz.jpeg 2048w\" sizes=\"auto, (max-width: 300px) 100vw, 300px\" \/><\/p>\n<blockquote class=\"wp-embedded-content\" data-secret=\"2dbCcrqlVz\"><p><a href=\"https:\/\/www.wurzelart.ch\/index.php\/verein-und-transparenz\/\">Verein und Transparenz<\/a><\/p><\/blockquote>\n<p><iframe loading=\"lazy\" class=\"wp-embedded-content\" sandbox=\"allow-scripts\" security=\"restricted\" style=\"position: absolute; visibility: hidden;\" title=\"&#8222;Verein und Transparenz&#8220; &#8211; Wurzel - art\" src=\"https:\/\/www.wurzelart.ch\/index.php\/verein-und-transparenz\/embed\/#?secret=65l4xCAZ3s#?secret=2dbCcrqlVz\" data-secret=\"2dbCcrqlVz\" width=\"525\" height=\"296\" frameborder=\"0\" marginwidth=\"0\" marginheight=\"0\" scrolling=\"no\"><\/iframe><\/p>\n<blockquote class=\"wp-embedded-content\" data-secret=\"ygf2QYOMSG\"><p><a href=\"https:\/\/www.wurzelart.ch\/index.php\/spenden-und-unterstuetzung\/\">Spenden und Unterst\u00fctzung<\/a><\/p><\/blockquote>\n<p><iframe loading=\"lazy\" class=\"wp-embedded-content\" sandbox=\"allow-scripts\" security=\"restricted\" style=\"position: absolute; visibility: hidden;\" title=\"&#8222;Spenden und Unterst\u00fctzung&#8220; &#8211; Wurzel - art\" src=\"https:\/\/www.wurzelart.ch\/index.php\/spenden-und-unterstuetzung\/embed\/#?secret=bPIAJe1qaJ#?secret=ygf2QYOMSG\" data-secret=\"ygf2QYOMSG\" width=\"525\" height=\"296\" frameborder=\"0\" marginwidth=\"0\" marginheight=\"0\" scrolling=\"no\"><\/iframe><\/p>\n<h2 data-start=\"321\" data-end=\"341\">Einblicke vor Ort<\/h2>\n<p data-start=\"343\" data-end=\"447\">Aktuelle Eindr\u00fccke, Fortschritte und Einblicke aus dem Schulalltag teilen wir regelm\u00e4ssig auf Instagram.<\/p>\n<p data-start=\"449\" data-end=\"548\">So erhalten Sie einen direkten Eindruck vom Leben und Lernen an der St. Filisca ECDE Junior School.<\/p>\n<p data-start=\"550\" data-end=\"606\">\ud83d\udc49 Folgen Sie uns auf Instagram: @filisca2026<\/p>\n<p><img loading=\"lazy\" decoding=\"async\" class=\"alignnone size-medium wp-image-2195\" src=\"https:\/\/www.wurzelart.ch\/wp-content\/uploads\/2026\/02\/Instagram-Account-207x300.jpeg\" alt=\"\" width=\"207\" height=\"300\" srcset=\"https:\/\/www.wurzelart.ch\/wp-content\/uploads\/2026\/02\/Instagram-Account-207x300.jpeg 207w, https:\/\/www.wurzelart.ch\/wp-content\/uploads\/2026\/02\/Instagram-Account-705x1024.jpeg 705w, https:\/\/www.wurzelart.ch\/wp-content\/uploads\/2026\/02\/Instagram-Account-768x1115.jpeg 768w, https:\/\/www.wurzelart.ch\/wp-content\/uploads\/2026\/02\/Instagram-Account-1058x1536.jpeg 1058w, https:\/\/www.wurzelart.ch\/wp-content\/uploads\/2026\/02\/Instagram-Account-350x508.jpeg 350w, https:\/\/www.wurzelart.ch\/wp-content\/uploads\/2026\/02\/Instagram-Account.jpeg 1220w\" sizes=\"auto, (max-width: 207px) 100vw, 207px\" \/><\/p>\n","protected":false},"excerpt":{"rendered":"<p>Bildung ver\u00e4ndert Leben Die St. Filisca ECDE Junior School befindet sich in Bondo, im Migori County im Westen Kenias. Sie wurde im Jahr 2005 gegr\u00fcndet mit dem Ziel, Kindern aus benachteiligten Familien Zugang zu fr\u00fcher und grundlegender Schulbildung zu erm\u00f6glichen. Die Region ist l\u00e4ndlich gepr\u00e4gt und steht vor grossen sozialen und wirtschaftlichen Herausforderungen. Viele Familien &hellip; <\/p>\n<p class=\"link-more\"><a href=\"https:\/\/www.wurzelart.ch\/index.php\/engagement\/\" class=\"more-link\"><span class=\"screen-reader-text\">\u201eEngagement\u201c<\/span> weiterlesen<\/a><\/p>\n","protected":false},"author":2,"featured_media":0,"parent":0,"menu_order":0,"comment_status":"closed","ping_status":"closed","template":"","meta":{"footnotes":""},"class_list":["post-2094","page","type-page","status-publish","hentry"],"_links":{"self":[{"href":"https:\/\/www.wurzelart.ch\/index.php\/wp-json\/wp\/v2\/pages\/2094","targetHints":{"allow":["GET"]}}],"collection":[{"href":"https:\/\/www.wurzelart.ch\/index.php\/wp-json\/wp\/v2\/pages"}],"about":[{"href":"https:\/\/www.wurzelart.ch\/index.php\/wp-json\/wp\/v2\/types\/page"}],"author":[{"embeddable":true,"href":"https:\/\/www.wurzelart.ch\/index.php\/wp-json\/wp\/v2\/users\/2"}],"replies":[{"embeddable":true,"href":"https:\/\/www.wurzelart.ch\/index.php\/wp-json\/wp\/v2\/comments?post=2094"}],"version-history":[{"count":15,"href":"https:\/\/www.wurzelart.ch\/index.php\/wp-json\/wp\/v2\/pages\/2094\/revisions"}],"predecessor-version":[{"id":2197,"href":"https:\/\/www.wurzelart.ch\/index.php\/wp-json\/wp\/v2\/pages\/2094\/revisions\/2197"}],"wp:attachment":[{"href":"https:\/\/www.wurzelart.ch\/index.php\/wp-json\/wp\/v2\/media?parent=2094"}],"curies":[{"name":"wp","href":"https:\/\/api.w.org\/{rel}","templated":true}]}}