{"id":2168,"date":"2026-02-22T21:25:25","date_gmt":"2026-02-22T20:25:25","guid":{"rendered":"https:\/\/www.wurzelart.ch\/?page_id=2168"},"modified":"2026-02-23T07:35:12","modified_gmt":"2026-02-23T06:35:12","slug":"verein-und-transparenz","status":"publish","type":"page","link":"https:\/\/www.wurzelart.ch\/index.php\/verein-und-transparenz\/","title":{"rendered":"Verein und Transparenz"},"content":{"rendered":"<h2 data-start=\"439\" data-end=\"490\">Verein Friends of St. Filisca ECDE Junior School<\/h2>\n<p><img loading=\"lazy\" decoding=\"async\" class=\"size-medium wp-image-2146 alignright\" style=\"font-size: 1rem;\" src=\"https:\/\/www.wurzelart.ch\/wp-content\/uploads\/2026\/02\/Friends-of-St.-Filisca-ECDE-Junior-School-1-200x300.jpeg\" alt=\"\" width=\"200\" height=\"300\" srcset=\"https:\/\/www.wurzelart.ch\/wp-content\/uploads\/2026\/02\/Friends-of-St.-Filisca-ECDE-Junior-School-1-200x300.jpeg 200w, https:\/\/www.wurzelart.ch\/wp-content\/uploads\/2026\/02\/Friends-of-St.-Filisca-ECDE-Junior-School-1-683x1024.jpeg 683w, https:\/\/www.wurzelart.ch\/wp-content\/uploads\/2026\/02\/Friends-of-St.-Filisca-ECDE-Junior-School-1-768x1152.jpeg 768w, https:\/\/www.wurzelart.ch\/wp-content\/uploads\/2026\/02\/Friends-of-St.-Filisca-ECDE-Junior-School-1-350x525.jpeg 350w, https:\/\/www.wurzelart.ch\/wp-content\/uploads\/2026\/02\/Friends-of-St.-Filisca-ECDE-Junior-School-1.jpeg 1024w\" sizes=\"auto, (max-width: 200px) 100vw, 200px\" \/><\/p>\n<p>Der Verein Friends of St. Filisca ECDE Junior School wurde am 01.02.2026 gegr\u00fcndet und hat seinen Sitz in 8586 Riedt bei Erlen TG.<\/p>\n<p>Er ist ein gemeinn\u00fctziger Verein gem\u00e4ss Art. 60 ff. ZGB, politisch unabh\u00e4ngig und konfessionell neutral.<\/p>\n<p>Der Verein verfolgt ausschliesslich und unmittelbar gemeinn\u00fctzige Zwecke.<\/p>\n<h2 data-start=\"940\" data-end=\"960\">Zweck des Vereins<\/h2>\n<p data-start=\"962\" data-end=\"1059\">Der Verein unterst\u00fctzt die St. Filisca ECDE Junior School in Bondo, Kenia insbesondere durch:<\/p>\n<ul data-start=\"1061\" data-end=\"1306\">\n<li data-start=\"1061\" data-end=\"1085\">\n<p data-start=\"1063\" data-end=\"1085\">Sammlung von Spenden<\/p>\n<\/li>\n<li data-start=\"1086\" data-end=\"1143\">\n<p data-start=\"1088\" data-end=\"1143\">Unterst\u00fctzung beim Aufbau und Ausbau der Schulgeb\u00e4ude<\/p>\n<\/li>\n<li data-start=\"1144\" data-end=\"1196\">\n<p data-start=\"1146\" data-end=\"1196\">Finanzierung von Infrastruktur und Schulmaterial<\/p>\n<\/li>\n<li data-start=\"1197\" data-end=\"1306\">\n<p data-start=\"1199\" data-end=\"1306\">Erm\u00f6glichung des Schulunterrichts f\u00fcr Kinder ohne Zugang zu Bildung<\/p>\n<\/li>\n<\/ul>\n<p>Der Verein verfolgt keine kommerziellen Zwecke und erstrebt keinen Gewinn. Die Organe sind ehrenamtlich t\u00e4tig.<\/p>\n<h2 data-start=\"1463\" data-end=\"1474\">Vorstand<\/h2>\n<p data-start=\"1476\" data-end=\"1580\">Gem\u00e4ss Gr\u00fcndungsprotokoll vom 01.02.2026 besteht der Vorstand aus:<\/p>\n<ul data-start=\"1582\" data-end=\"1681\">\n<li data-start=\"1582\" data-end=\"1609\">\n<p data-start=\"1584\" data-end=\"1609\">Felix Darms \u2013 Pr\u00e4sident<\/p>\n<\/li>\n<li data-start=\"1610\" data-end=\"1643\">\n<p data-start=\"1612\" data-end=\"1643\">Cornel Frischknecht \u2013 Kassier<\/p>\n<\/li>\n<li data-start=\"1644\" data-end=\"1681\">\n<p data-start=\"1646\" data-end=\"1681\">Alexandra Frischknecht \u2013 Aktuarin<\/p>\n<\/li>\n<\/ul>\n<p data-start=\"1683\" data-end=\"1840\">Der Verein wird durch Kollektivunterschrift des Pr\u00e4sidenten zusammen mit einem weiteren Vorstandsmitglied verpflichtet.<\/p>\n<h2 data-start=\"1768\" data-end=\"1794\">Mittel und Finanzierung<\/h2>\n<p data-start=\"1796\" data-end=\"1866\">Zur Verfolgung des Vereinszwecks stehen folgende Mittel zur Verf\u00fcgung:<\/p>\n<ul data-start=\"1868\" data-end=\"2033\">\n<li data-start=\"1868\" data-end=\"1890\">\n<p data-start=\"1870\" data-end=\"1890\">Mitgliederbeitr\u00e4ge<\/p>\n<\/li>\n<li data-start=\"1891\" data-end=\"1909\">\n<p data-start=\"1893\" data-end=\"1909\">G\u00f6nnerbeitr\u00e4ge<\/p>\n<\/li>\n<li data-start=\"1910\" data-end=\"1927\">\n<p data-start=\"1912\" data-end=\"1927\">Patenschaften<\/p>\n<\/li>\n<li data-start=\"1928\" data-end=\"1955\">\n<p data-start=\"1930\" data-end=\"1955\">Spenden und Zuwendungen<\/p>\n<\/li>\n<li data-start=\"1956\" data-end=\"2033\">\n<p data-start=\"1958\" data-end=\"2033\">Ertr\u00e4ge aus eigenen Veranstaltungen<\/p>\n<\/li>\n<\/ul>\n<p>Alle Mittel d\u00fcrfen ausschliesslich f\u00fcr den Vereinszweck verwendet werden. Das Gesch\u00e4ftsjahr entspricht dem Kalenderjahr.<\/p>\n<h2 data-start=\"1847\" data-end=\"1865\">Revisionsstelle<\/h2>\n<p data-start=\"1867\" data-end=\"2020\">Die Mitgliederversammlung w\u00e4hlt zwei Rechnungsrevisoren\u00a0 zur Kontrolle der Buchf\u00fchrung. Die Revisionsstelle erstattet der Mitgliederversammlung Bericht.<\/p>\n<h2 data-start=\"2093\" data-end=\"2124\">Haftung<\/h2>\n<p>F\u00fcr die Schulden des Vereins haftet ausschliesslich das Vereinsverm\u00f6gen. Eine pers\u00f6nliche Haftung der Mitglieder ist ausgeschlossen.<\/p>\n<h2 data-start=\"2609\" data-end=\"2623\">Datenschutz<\/h2>\n<p data-start=\"2625\" data-end=\"2758\">Der Verein erhebt nur jene Personendaten, die zur Erf\u00fcllung des Vereinszwecks notwendig sind.<\/p>\n<p data-start=\"2760\" data-end=\"2852\">Die Bearbeitung erfolgt gem\u00e4ss den Bestimmungen der schweizerischen Datenschutzgesetzgebung.<\/p>\n<p data-start=\"2760\" data-end=\"2852\">Auf Nachfrage k\u00f6nnen die folgenden Dokumente eingesehen werden:<\/p>\n<ol>\n<li>Gr\u00fcndungsprotokoll Friends of St. Filisca ECDE Junior School<\/li>\n<li>\u00a0Statuten Friends of St. Filisca ECDE Junior School<\/li>\n<\/ol>\n","protected":false},"excerpt":{"rendered":"<p>Verein Friends of St. Filisca ECDE Junior School Der Verein Friends of St. Filisca ECDE Junior School wurde am 01.02.2026 gegr\u00fcndet und hat seinen Sitz in 8586 Riedt bei Erlen TG. Er ist ein gemeinn\u00fctziger Verein gem\u00e4ss Art. 60 ff. ZGB, politisch unabh\u00e4ngig und konfessionell neutral. Der Verein verfolgt ausschliesslich und unmittelbar gemeinn\u00fctzige Zwecke. Zweck &hellip; <\/p>\n<p class=\"link-more\"><a href=\"https:\/\/www.wurzelart.ch\/index.php\/verein-und-transparenz\/\" class=\"more-link\"><span class=\"screen-reader-text\">\u201eVerein und Transparenz\u201c<\/span> weiterlesen<\/a><\/p>\n","protected":false},"author":2,"featured_media":0,"parent":0,"menu_order":0,"comment_status":"closed","ping_status":"closed","template":"","meta":{"footnotes":""},"class_list":["post-2168","page","type-page","status-publish","hentry"],"_links":{"self":[{"href":"https:\/\/www.wurzelart.ch\/index.php\/wp-json\/wp\/v2\/pages\/2168","targetHints":{"allow":["GET"]}}],"collection":[{"href":"https:\/\/www.wurzelart.ch\/index.php\/wp-json\/wp\/v2\/pages"}],"about":[{"href":"https:\/\/www.wurzelart.ch\/index.php\/wp-json\/wp\/v2\/types\/page"}],"author":[{"embeddable":true,"href":"https:\/\/www.wurzelart.ch\/index.php\/wp-json\/wp\/v2\/users\/2"}],"replies":[{"embeddable":true,"href":"https:\/\/www.wurzelart.ch\/index.php\/wp-json\/wp\/v2\/comments?post=2168"}],"version-history":[{"count":4,"href":"https:\/\/www.wurzelart.ch\/index.php\/wp-json\/wp\/v2\/pages\/2168\/revisions"}],"predecessor-version":[{"id":2184,"href":"https:\/\/www.wurzelart.ch\/index.php\/wp-json\/wp\/v2\/pages\/2168\/revisions\/2184"}],"wp:attachment":[{"href":"https:\/\/www.wurzelart.ch\/index.php\/wp-json\/wp\/v2\/media?parent=2168"}],"curies":[{"name":"wp","href":"https:\/\/api.w.org\/{rel}","templated":true}]}}