{"id":2175,"date":"2026-02-22T21:39:32","date_gmt":"2026-02-22T20:39:32","guid":{"rendered":"https:\/\/www.wurzelart.ch\/?page_id=2175"},"modified":"2026-03-09T13:52:27","modified_gmt":"2026-03-09T12:52:27","slug":"spenden-und-unterstuetzung","status":"publish","type":"page","link":"https:\/\/www.wurzelart.ch\/index.php\/spenden-und-unterstuetzung\/","title":{"rendered":"Spenden und Unterst\u00fctzung"},"content":{"rendered":"<h2 data-start=\"661\" data-end=\"693\">Gemeinsam Bildung erm\u00f6glichen<\/h2>\n<p data-start=\"695\" data-end=\"770\"><img loading=\"lazy\" decoding=\"async\" class=\"alignnone size-medium wp-image-2178\" style=\"font-size: 1rem;\" src=\"https:\/\/www.wurzelart.ch\/wp-content\/uploads\/2026\/02\/Schule-2-300x169.jpeg\" alt=\"\" width=\"300\" height=\"169\" srcset=\"https:\/\/www.wurzelart.ch\/wp-content\/uploads\/2026\/02\/Schule-2-300x169.jpeg 300w, https:\/\/www.wurzelart.ch\/wp-content\/uploads\/2026\/02\/Schule-2-1024x576.jpeg 1024w, https:\/\/www.wurzelart.ch\/wp-content\/uploads\/2026\/02\/Schule-2-768x432.jpeg 768w, https:\/\/www.wurzelart.ch\/wp-content\/uploads\/2026\/02\/Schule-2-1536x864.jpeg 1536w, https:\/\/www.wurzelart.ch\/wp-content\/uploads\/2026\/02\/Schule-2-350x197.jpeg 350w, https:\/\/www.wurzelart.ch\/wp-content\/uploads\/2026\/02\/Schule-2.jpeg 2048w\" sizes=\"auto, (max-width: 300px) 100vw, 300px\" \/><\/p>\n<p data-start=\"695\" data-end=\"770\">Die St. Filisca ECDE Junior School gibt rund 150 Kindern Zugang zu Bildung.<\/p>\n<p data-start=\"772\" data-end=\"902\">Mit Ihrer Unterst\u00fctzung helfen Sie, stabile Lernbedingungen, sichere Infrastruktur und verl\u00e4ssliche Rahmenbedingungen zu schaffen.<\/p>\n<p data-start=\"904\" data-end=\"951\">Jeder Beitrag wirkt direkt und nachvollziehbar.<\/p>\n<h2>Geplante Projekte<\/h2>\n<p>Hier wirkt Klarheit st\u00e4rker als Emotionalit\u00e4t.<\/p>\n<h3 data-start=\"2629\" data-end=\"2657\">Schulr\u00e4ume und Ausstattung<\/h3>\n<ul data-start=\"2658\" data-end=\"2824\">\n<li data-start=\"2658\" data-end=\"2696\">\n<p data-start=\"2660\" data-end=\"2696\">Ausbau zwei neuer\u00a0 Schulr\u00e4ume: 1&#8217;375 CHF<\/p>\n<\/li>\n<li data-start=\"2697\" data-end=\"2746\">\n<p data-start=\"2699\" data-end=\"2746\">Errichtung mindestens drei zus\u00e4tzlicher Latrinen: 450 CHF<\/p>\n<\/li>\n<li data-start=\"2747\" data-end=\"2791\">\n<p data-start=\"2749\" data-end=\"2791\">Kauf, Mobiliar f\u00fcr zwei Klassenzimmer: 600 CHF<\/p>\n<\/li>\n<li data-start=\"2792\" data-end=\"2824\">\n<p data-start=\"2794\" data-end=\"2824\">Bau ,Lehrerzimmer \/ B\u00fcro: 700 CHF<\/p>\n<\/li>\n<\/ul>\n<h3 data-start=\"2826\" data-end=\"2840\">Sicherheit<\/h3>\n<ul data-start=\"2841\" data-end=\"2927\">\n<li data-start=\"2841\" data-end=\"2876\">\n<p data-start=\"2843\" data-end=\"2876\">Grundst\u00fcck einz\u00e4unen: 1&#8217;200 CHF<\/p>\n<\/li>\n<li data-start=\"2877\" data-end=\"2898\">\n<p data-start=\"2879\" data-end=\"2898\">Eisentor: 800 CHF<\/p>\n<\/li>\n<li data-start=\"2899\" data-end=\"2927\">\n<p data-start=\"2901\" data-end=\"2927\">Blitzableiter: 2&#8217;000 CHF<\/p>\n<\/li>\n<\/ul>\n<h3 data-start=\"2929\" data-end=\"2946\">Infrastruktur<\/h3>\n<ul data-start=\"2947\" data-end=\"2996\">\n<li data-start=\"2947\" data-end=\"2996\">\n<p data-start=\"2949\" data-end=\"2996\">Wasser:\u00a0 Erschliessung Ver- und Entsorgungssystem: ca. 12&#8217;000 CHF<\/p>\n<\/li>\n<\/ul>\n<h3 data-start=\"2998\" data-end=\"3024\">Laufende Unterst\u00fctzung<\/h3>\n<ul data-start=\"3025\" data-end=\"3243\">\n<li data-start=\"3025\" data-end=\"3078\">\n<p data-start=\"3027\" data-end=\"3078\">Lehrerl\u00f6hne: 250 CHF pro Monat (100 % Anstellung)<\/p>\n<\/li>\n<li data-start=\"3079\" data-end=\"3131\">\n<p data-start=\"3081\" data-end=\"3131\">Patenschaft f\u00fcr eine Vollwaise: 500 CHF pro Jahr<\/p>\n<\/li>\n<li data-start=\"3132\" data-end=\"3204\">\n<p data-start=\"3134\" data-end=\"3204\">Unterst\u00fctzung eines Kindes aus mittelloser Familie: 320 CHF pro Jahr<\/p>\n<\/li>\n<li data-start=\"3205\" data-end=\"3243\">\n<p data-start=\"3207\" data-end=\"3243\">Mitgliederbeitrag, f\u00fcr die Finanzierung der geplanten Projekte: 50 CHF pro Jahr<\/p>\n<\/li>\n<\/ul>\n<p data-start=\"3245\" data-end=\"3316\">Jeder Beitrag hilft, die Schule Schritt f\u00fcr Schritt weiterzuentwickeln.<\/p>\n<h2 data-start=\"3323\" data-end=\"3349\">Verbindung zu Wurzelart<\/h2>\n<p data-start=\"1624\" data-end=\"1721\">25 % des Erl\u00f6ses aus dem Verkauf der Holzfiguren fliessen direkt in die Unterst\u00fctzung der Schule.<\/p>\n<p data-start=\"1723\" data-end=\"1782\">So verbindet sich kreatives Schaffen mit konkreter Wirkung.<\/p>\n<h2 data-start=\"1818\" data-end=\"1847\">So k\u00f6nnen Sie unterst\u00fctzen<\/h2>\n<p data-start=\"1849\" data-end=\"1978\">Spenden erfolgen \u00fcber den gemeinn\u00fctzigen Verein<br data-start=\"1896\" data-end=\"1899\" \/>Friends of St. Filisca ECDE Junior School<br data-start=\"1944\" data-end=\"1947\" \/>Sitz: 8586 Riedt bei Erlen TG<\/p>\n<p data-start=\"1849\" data-end=\"1978\">Bankverbindung TKB:<\/p>\n<p>Thurgauer Kantonalbank<\/p>\n<p>IBAN: CH94 0078 4298 9716 2200 1<\/p>\n<h2 data-start=\"2021\" data-end=\"2035\">Transparenz<\/h2>\n<ul data-start=\"2037\" data-end=\"2257\">\n<li data-start=\"2037\" data-end=\"2076\">\n<p data-start=\"2039\" data-end=\"2076\">Der Vorstand arbeitet ehrenamtlich.<\/p>\n<\/li>\n<li data-start=\"2077\" data-end=\"2146\">\n<p data-start=\"2079\" data-end=\"2146\">Die Mittel werden ausschliesslich f\u00fcr den Vereinszweck verwendet.<\/p>\n<\/li>\n<li data-start=\"2147\" data-end=\"2200\">\n<p data-start=\"2149\" data-end=\"2200\">Die Zusammenarbeit mit der Schule erfolgt direkt.<\/p>\n<\/li>\n<li data-start=\"2201\" data-end=\"2257\">\n<p data-start=\"2203\" data-end=\"2257\">Jahresrechnung und Statuten sind \u00f6ffentlich einsehbar.<\/p>\n<\/li>\n<\/ul>\n<hr data-start=\"2259\" data-end=\"2262\" \/>\n<h2 data-start=\"2264\" data-end=\"2274\">Kontakt<\/h2>\n<p data-start=\"2276\" data-end=\"2347\">F\u00fcr Patenschaften oder Fragen freuen wir uns \u00fcber Ihre Kontaktaufnahme.<\/p>\n<p>Felix Darms, Gasch\u00fcrstrasse 13, 7310 Bad Ragaz Tel. 079 659 28 68 oder\u00a0 \u00fcber die Mailadresse st.filiscaschool@gmail.com<\/p>\n<p data-start=\"1849\" data-end=\"1978\">\n","protected":false},"excerpt":{"rendered":"<p>Gemeinsam Bildung erm\u00f6glichen Die St. Filisca ECDE Junior School gibt rund 150 Kindern Zugang zu Bildung. Mit Ihrer Unterst\u00fctzung helfen Sie, stabile Lernbedingungen, sichere Infrastruktur und verl\u00e4ssliche Rahmenbedingungen zu schaffen. Jeder Beitrag wirkt direkt und nachvollziehbar. Geplante Projekte Hier wirkt Klarheit st\u00e4rker als Emotionalit\u00e4t. Schulr\u00e4ume und Ausstattung Ausbau zwei neuer\u00a0 Schulr\u00e4ume: 1&#8217;375 CHF Errichtung mindestens &hellip; <\/p>\n<p class=\"link-more\"><a href=\"https:\/\/www.wurzelart.ch\/index.php\/spenden-und-unterstuetzung\/\" class=\"more-link\"><span class=\"screen-reader-text\">\u201eSpenden und Unterst\u00fctzung\u201c<\/span> weiterlesen<\/a><\/p>\n","protected":false},"author":2,"featured_media":0,"parent":0,"menu_order":0,"comment_status":"closed","ping_status":"closed","template":"","meta":{"footnotes":""},"class_list":["post-2175","page","type-page","status-publish","hentry"],"_links":{"self":[{"href":"https:\/\/www.wurzelart.ch\/index.php\/wp-json\/wp\/v2\/pages\/2175","targetHints":{"allow":["GET"]}}],"collection":[{"href":"https:\/\/www.wurzelart.ch\/index.php\/wp-json\/wp\/v2\/pages"}],"about":[{"href":"https:\/\/www.wurzelart.ch\/index.php\/wp-json\/wp\/v2\/types\/page"}],"author":[{"embeddable":true,"href":"https:\/\/www.wurzelart.ch\/index.php\/wp-json\/wp\/v2\/users\/2"}],"replies":[{"embeddable":true,"href":"https:\/\/www.wurzelart.ch\/index.php\/wp-json\/wp\/v2\/comments?post=2175"}],"version-history":[{"count":10,"href":"https:\/\/www.wurzelart.ch\/index.php\/wp-json\/wp\/v2\/pages\/2175\/revisions"}],"predecessor-version":[{"id":2214,"href":"https:\/\/www.wurzelart.ch\/index.php\/wp-json\/wp\/v2\/pages\/2175\/revisions\/2214"}],"wp:attachment":[{"href":"https:\/\/www.wurzelart.ch\/index.php\/wp-json\/wp\/v2\/media?parent=2175"}],"curies":[{"name":"wp","href":"https:\/\/api.w.org\/{rel}","templated":true}]}}