{"id":30,"date":"2017-01-03T11:13:43","date_gmt":"2017-01-03T10:13:43","guid":{"rendered":"http:\/\/sebi-it.ch\/alexundcornel\/?page_id=30"},"modified":"2026-02-01T11:50:17","modified_gmt":"2026-02-01T10:50:17","slug":"ueber-mich","status":"publish","type":"page","link":"https:\/\/www.wurzelart.ch\/index.php\/ueber-mich\/","title":{"rendered":"\u00dcber mich"},"content":{"rendered":"<h2><span style=\"color: #000000;\"><strong>Ein Urb\u00fcndner &#8222;Do bin i dahai&#8220;<\/strong><\/span><\/h2>\n<h2 style=\"padding-top: 0px;\"><span style=\"color: #000000;\"><strong><img loading=\"lazy\" decoding=\"async\" class=\"size-medium wp-image-2132 alignnone\" src=\"https:\/\/www.wurzelart.ch\/wp-content\/uploads\/2026\/02\/IMG_3707-225x300.jpeg\" alt=\"\" width=\"225\" height=\"300\" srcset=\"https:\/\/www.wurzelart.ch\/wp-content\/uploads\/2026\/02\/IMG_3707-225x300.jpeg 225w, https:\/\/www.wurzelart.ch\/wp-content\/uploads\/2026\/02\/IMG_3707-768x1024.jpeg 768w, https:\/\/www.wurzelart.ch\/wp-content\/uploads\/2026\/02\/IMG_3707-1152x1536.jpeg 1152w, https:\/\/www.wurzelart.ch\/wp-content\/uploads\/2026\/02\/IMG_3707-350x467.jpeg 350w, https:\/\/www.wurzelart.ch\/wp-content\/uploads\/2026\/02\/IMG_3707.jpeg 1536w\" sizes=\"auto, (max-width: 225px) 100vw, 225px\" \/><\/strong><\/span><\/h2>\n<p data-start=\"100\" data-end=\"234\">Holz ist f\u00fcr mich das sch\u00f6nste Material der Welt. Mit meinen Arbeiten m\u00f6chte ich R\u00e4ume positiv ver\u00e4ndern und Menschen Freude bereiten.<\/p>\n<p data-start=\"236\" data-end=\"662\">Ich heisse Felix Darms (1964), bin auf einem Bauernhof in Flond GR in der Surselva aufgewachsen. Wenig Spielzeug, daf\u00fcr viel Natur \u2013 das hat meine Fantasie gepr\u00e4gt und meine Liebe zu den echten Sch\u00f6nheiten bis heute erhalten. Seit neun Jahren schnitze ich Skulpturen aus Schwemmholz aus B\u00fcndner und St. Galler Bergb\u00e4chen. Beim Wandern entlang von Bachbetten und dem Alpenrhein finde ich immer wieder einzigartige Natursch\u00e4tze.<\/p>\n<p data-start=\"664\" data-end=\"892\">Nach einem schweren Burnout im Jahr 2022 wurde die k\u00fcnstlerische Arbeit zu meinem wichtigsten Halt. Trotz Schmerzen und Ersch\u00f6pfung half mir das Schnitzen, Krisen zu bew\u00e4ltigen und Schritt f\u00fcr Schritt zur\u00fcck ins Leben zu finden.<\/p>\n<p data-start=\"894\" data-end=\"1221\">Aus einfachen Formen sind inzwischen dreidimensionale Geschichten entstanden: schlanke, 80\u2013120 cm hohe Figuren, von der Natur gezeichnet, voller Risse \u2013 und doch voller Lebenskraft. Jede ist ein Unikat mit eigenem Charakter. Wer einmal eine besitzt, gibt sie nicht mehr her: Sie schenkt gute Laune, egal wie der Tag gerade ist.<\/p>\n<p data-start=\"1223\" data-end=\"1324\">Ein Blick in den Webshop lohnt sich, um neue Figuren und ihre einzigartigen Geschichten zu entdecken.<\/p>\n<p>&nbsp;<\/p>\n","protected":false},"excerpt":{"rendered":"<p>Ein Urb\u00fcndner &#8222;Do bin i dahai&#8220; Holz ist f\u00fcr mich das sch\u00f6nste Material der Welt. Mit meinen Arbeiten m\u00f6chte ich R\u00e4ume positiv ver\u00e4ndern und Menschen Freude bereiten. Ich heisse Felix Darms (1964), bin auf einem Bauernhof in Flond GR in der Surselva aufgewachsen. Wenig Spielzeug, daf\u00fcr viel Natur \u2013 das hat meine Fantasie gepr\u00e4gt und &hellip; <\/p>\n<p class=\"link-more\"><a href=\"https:\/\/www.wurzelart.ch\/index.php\/ueber-mich\/\" class=\"more-link\"><span class=\"screen-reader-text\">\u201e\u00dcber mich\u201c<\/span> weiterlesen<\/a><\/p>\n","protected":false},"author":1,"featured_media":0,"parent":0,"menu_order":0,"comment_status":"closed","ping_status":"closed","template":"","meta":{"footnotes":""},"class_list":["post-30","page","type-page","status-publish","hentry"],"_links":{"self":[{"href":"https:\/\/www.wurzelart.ch\/index.php\/wp-json\/wp\/v2\/pages\/30","targetHints":{"allow":["GET"]}}],"collection":[{"href":"https:\/\/www.wurzelart.ch\/index.php\/wp-json\/wp\/v2\/pages"}],"about":[{"href":"https:\/\/www.wurzelart.ch\/index.php\/wp-json\/wp\/v2\/types\/page"}],"author":[{"embeddable":true,"href":"https:\/\/www.wurzelart.ch\/index.php\/wp-json\/wp\/v2\/users\/1"}],"replies":[{"embeddable":true,"href":"https:\/\/www.wurzelart.ch\/index.php\/wp-json\/wp\/v2\/comments?post=30"}],"version-history":[{"count":51,"href":"https:\/\/www.wurzelart.ch\/index.php\/wp-json\/wp\/v2\/pages\/30\/revisions"}],"predecessor-version":[{"id":2140,"href":"https:\/\/www.wurzelart.ch\/index.php\/wp-json\/wp\/v2\/pages\/30\/revisions\/2140"}],"wp:attachment":[{"href":"https:\/\/www.wurzelart.ch\/index.php\/wp-json\/wp\/v2\/media?parent=30"}],"curies":[{"name":"wp","href":"https:\/\/api.w.org\/{rel}","templated":true}]}}