{"id":9,"date":"2017-01-03T10:21:13","date_gmt":"2017-01-03T09:21:13","guid":{"rendered":"http:\/\/sebi-it.ch\/alexundcornel\/?page_id=9"},"modified":"2026-02-22T21:40:15","modified_gmt":"2026-02-22T20:40:15","slug":"home","status":"publish","type":"page","link":"https:\/\/www.wurzelart.ch\/","title":{"rendered":"Home"},"content":{"rendered":"<h1><strong>Willkommen bei Wurzel &#8211; art<\/strong><\/h1>\n<h2><strong>Jedes St\u00fcck ein Unikat&#8230;<\/strong><\/h2>\n<h1 style=\"padding-top: 0px;\"><strong><img loading=\"lazy\" decoding=\"async\" class=\"alignright wp-image-2089 size-medium\" src=\"https:\/\/www.wurzelart.ch\/wp-content\/uploads\/2025\/11\/IMG_4199-1-scaled-e1769937860150-222x300.jpg\" alt=\"Gwendolyn\" width=\"222\" height=\"300\" srcset=\"https:\/\/www.wurzelart.ch\/wp-content\/uploads\/2025\/11\/IMG_4199-1-scaled-e1769937860150-222x300.jpg 222w, https:\/\/www.wurzelart.ch\/wp-content\/uploads\/2025\/11\/IMG_4199-1-scaled-e1769937860150-758x1024.jpg 758w, https:\/\/www.wurzelart.ch\/wp-content\/uploads\/2025\/11\/IMG_4199-1-scaled-e1769937860150-768x1037.jpg 768w, https:\/\/www.wurzelart.ch\/wp-content\/uploads\/2025\/11\/IMG_4199-1-scaled-e1769937860150-1137x1536.jpg 1137w, https:\/\/www.wurzelart.ch\/wp-content\/uploads\/2025\/11\/IMG_4199-1-scaled-e1769937860150-1516x2048.jpg 1516w, https:\/\/www.wurzelart.ch\/wp-content\/uploads\/2025\/11\/IMG_4199-1-scaled-e1769937860150-350x473.jpg 350w, https:\/\/www.wurzelart.ch\/wp-content\/uploads\/2025\/11\/IMG_4199-1-scaled-e1769937860150.jpg 1740w\" sizes=\"auto, (max-width: 222px) 100vw, 222px\" \/><\/strong><\/h1>\n<p><strong>\u00a0<\/strong>Wurzel &#8211; art ist einmalig und ich liebe Holz.<\/p>\n<p><span style=\"font-size: 1rem;\">Die besondere Faszination liegt darin, auf kleinem Raum, Grosses herauszuholen.<br \/>\nAusfl\u00fcge ins Bachbett sind faszinierend und<\/span><span style=\"font-size: 1rem;\">\u00a0befreien den Kopf.<\/span><\/p>\n<p>In Handarbeit mit Schnitzwerkzeug fertige ich aus ausgesuchten\u00a0 Wurzeln oder\u00a0 Schwemmholz einzigartige schmale\u00a0 ca. 1 Meter hohe Figuren.\u00a0 Die \u00fcberdimensionale L\u00e4nge der Figuren verleiht ihnen dabei\u00a0 ihren unverwechselbaren Charakter. Jedes Holz ist anders in seiner Farbe und Struktur. Sie haben Risse und sind von der Natur und der Reise im Wasser gezeichnet.<br \/>\nAber Sie strahlen eine unb\u00e4ndige Lebenskraft aus. Alle sind Unikate und haben ihren ganz eigenen Charakter.<\/p>\n<p>Wenn du mal eine hast, wirst du sie nie wieder hergeben. Denn wenn Sie eines besonders kann ist es das:<\/p>\n<p>Sie sorgt einfach f\u00fcr gute Laune in deinem Leben egal wie dein Tag gerade verl\u00e4uft.<\/p>\n<p>Die Figuren gehen im untersten Teil immer in die urspr\u00fcngliche Wurzel \u00fcber.\u00a0 Weiter werden diese\u00a0 teilweise bemalt, was ihren jeweiligen Charakter besonders zum Ausdruck bringt. Die Figuren sind auf einem Metallsockel (20x20x1cm) fixiert, welcher Ihnen ihre\u00a0 besondere Standfestigkeit\u00a0 verleiht.<\/p>\n<p>Bei Interesse oder Fragen nehmen Sie bitte mit mir Kontakt auf oder besuchen Sie meinen Webshop. Dort finden Sie alle\u00a0 aktuell zum Verkauf stehenden Figuren.<\/p>\n<p>&nbsp;<\/p>\n<h2 data-start=\"335\" data-end=\"348\"><strong>Engagement<\/strong><\/h2>\n<p data-start=\"350\" data-end=\"414\">Wurzelart ist f\u00fcr mich nicht nur Handwerk, sondern auch Haltung.<\/p>\n<p data-start=\"416\" data-end=\"633\">Seit 2021 verbindet mich eine pers\u00f6nliche Beziehung mit der St. Filisca ECDE Junior School in Bondo (Kenia). Die Schule erm\u00f6glicht rund 150 Kindern aus benachteiligten Familien den Zugang zu grundlegender Bildung.<\/p>\n<p data-start=\"416\" data-end=\"633\"><img loading=\"lazy\" decoding=\"async\" class=\"alignnone size-medium wp-image-2150\" style=\"font-size: 1rem;\" src=\"https:\/\/www.wurzelart.ch\/wp-content\/uploads\/2026\/02\/Startseite-Wurzelart-300x169.jpeg\" alt=\"\" width=\"300\" height=\"169\" srcset=\"https:\/\/www.wurzelart.ch\/wp-content\/uploads\/2026\/02\/Startseite-Wurzelart-300x169.jpeg 300w, https:\/\/www.wurzelart.ch\/wp-content\/uploads\/2026\/02\/Startseite-Wurzelart-1024x576.jpeg 1024w, https:\/\/www.wurzelart.ch\/wp-content\/uploads\/2026\/02\/Startseite-Wurzelart-768x432.jpeg 768w, https:\/\/www.wurzelart.ch\/wp-content\/uploads\/2026\/02\/Startseite-Wurzelart-1536x864.jpeg 1536w, https:\/\/www.wurzelart.ch\/wp-content\/uploads\/2026\/02\/Startseite-Wurzelart-350x197.jpeg 350w, https:\/\/www.wurzelart.ch\/wp-content\/uploads\/2026\/02\/Startseite-Wurzelart.jpeg 2048w\" sizes=\"auto, (max-width: 300px) 100vw, 300px\" \/><\/p>\n<p data-start=\"635\" data-end=\"772\">Seit dem 01.02.2026 sind wir als Verein organisiert:<br data-start=\"687\" data-end=\"690\" \/>Friends of St. Filisca ECDE Junior School, mit Sitz in Riedt bei Erlen (TG).<\/p>\n<p data-start=\"774\" data-end=\"995\">25 % des Erl\u00f6ses aus meinen Holzfiguren fliessen direkt in dieses Bildungsprojekt. Zus\u00e4tzlich erm\u00f6glichen Patenschaften und Spenden konkrete Verbesserungen vor Ort \u2013 transparent und in enger Zusammenarbeit mit der Schule.<\/p>\n<p data-start=\"997\" data-end=\"1062\">Bildung schafft Perspektiven.<br data-start=\"1026\" data-end=\"1029\" \/>Und Perspektiven ver\u00e4ndern Leben.<\/p>\n<p data-start=\"997\" data-end=\"1062\">Weitere Informationen zum Verein, zur Organisation und zu unserem Engagement finden Sie auf den Seiten \u201eEngagement sowie Verein und Transparenz\u201c.<\/p>\n<blockquote class=\"wp-embedded-content\" data-secret=\"sJod2E9BMi\"><p><a href=\"https:\/\/www.wurzelart.ch\/index.php\/engagement\/\">Engagement<\/a><\/p><\/blockquote>\n<p><iframe loading=\"lazy\" class=\"wp-embedded-content\" sandbox=\"allow-scripts\" security=\"restricted\" style=\"position: absolute; visibility: hidden;\" title=\"&#8222;Engagement&#8220; &#8211; Wurzel - art\" src=\"https:\/\/www.wurzelart.ch\/index.php\/engagement\/embed\/#?secret=kzASh8ph6g#?secret=sJod2E9BMi\" data-secret=\"sJod2E9BMi\" width=\"525\" height=\"296\" frameborder=\"0\" marginwidth=\"0\" marginheight=\"0\" scrolling=\"no\"><\/iframe><\/p>\n<blockquote class=\"wp-embedded-content\" data-secret=\"BBHn1Ssu88\"><p><a href=\"https:\/\/www.wurzelart.ch\/index.php\/verein-und-transparenz\/\">Verein und Transparenz<\/a><\/p><\/blockquote>\n<p><iframe loading=\"lazy\" class=\"wp-embedded-content\" sandbox=\"allow-scripts\" security=\"restricted\" style=\"position: absolute; visibility: hidden;\" title=\"&#8222;Verein und Transparenz&#8220; &#8211; Wurzel - art\" src=\"https:\/\/www.wurzelart.ch\/index.php\/verein-und-transparenz\/embed\/#?secret=2T1hpi0Q08#?secret=BBHn1Ssu88\" data-secret=\"BBHn1Ssu88\" width=\"525\" height=\"296\" frameborder=\"0\" marginwidth=\"0\" marginheight=\"0\" scrolling=\"no\"><\/iframe><\/p>\n<blockquote class=\"wp-embedded-content\" data-secret=\"MRE7JLV97H\"><p><a href=\"https:\/\/www.wurzelart.ch\/index.php\/spenden-und-unterstuetzung\/\">Spenden und Unterst\u00fctzung<\/a><\/p><\/blockquote>\n<p><iframe loading=\"lazy\" class=\"wp-embedded-content\" sandbox=\"allow-scripts\" security=\"restricted\" style=\"position: absolute; visibility: hidden;\" title=\"&#8222;Spenden und Unterst\u00fctzung&#8220; &#8211; Wurzel - art\" src=\"https:\/\/www.wurzelart.ch\/index.php\/spenden-und-unterstuetzung\/embed\/#?secret=1ZDiDv9v3o#?secret=MRE7JLV97H\" data-secret=\"MRE7JLV97H\" width=\"525\" height=\"296\" frameborder=\"0\" marginwidth=\"0\" marginheight=\"0\" scrolling=\"no\"><\/iframe><\/p>\n<p>&nbsp;<\/p>\n","protected":false},"excerpt":{"rendered":"<p>Willkommen bei Wurzel &#8211; art Jedes St\u00fcck ein Unikat&#8230; \u00a0Wurzel &#8211; art ist einmalig und ich liebe Holz. Die besondere Faszination liegt darin, auf kleinem Raum, Grosses herauszuholen. Ausfl\u00fcge ins Bachbett sind faszinierend und\u00a0befreien den Kopf. In Handarbeit mit Schnitzwerkzeug fertige ich aus ausgesuchten\u00a0 Wurzeln oder\u00a0 Schwemmholz einzigartige schmale\u00a0 ca. 1 Meter hohe Figuren.\u00a0 Die &hellip; <\/p>\n<p class=\"link-more\"><a href=\"https:\/\/www.wurzelart.ch\/\" class=\"more-link\"><span class=\"screen-reader-text\">\u201eHome\u201c<\/span> weiterlesen<\/a><\/p>\n","protected":false},"author":1,"featured_media":0,"parent":0,"menu_order":0,"comment_status":"closed","ping_status":"closed","template":"","meta":{"footnotes":""},"class_list":["post-9","page","type-page","status-publish","hentry"],"_links":{"self":[{"href":"https:\/\/www.wurzelart.ch\/index.php\/wp-json\/wp\/v2\/pages\/9","targetHints":{"allow":["GET"]}}],"collection":[{"href":"https:\/\/www.wurzelart.ch\/index.php\/wp-json\/wp\/v2\/pages"}],"about":[{"href":"https:\/\/www.wurzelart.ch\/index.php\/wp-json\/wp\/v2\/types\/page"}],"author":[{"embeddable":true,"href":"https:\/\/www.wurzelart.ch\/index.php\/wp-json\/wp\/v2\/users\/1"}],"replies":[{"embeddable":true,"href":"https:\/\/www.wurzelart.ch\/index.php\/wp-json\/wp\/v2\/comments?post=9"}],"version-history":[{"count":34,"href":"https:\/\/www.wurzelart.ch\/index.php\/wp-json\/wp\/v2\/pages\/9\/revisions"}],"predecessor-version":[{"id":2180,"href":"https:\/\/www.wurzelart.ch\/index.php\/wp-json\/wp\/v2\/pages\/9\/revisions\/2180"}],"wp:attachment":[{"href":"https:\/\/www.wurzelart.ch\/index.php\/wp-json\/wp\/v2\/media?parent=9"}],"curies":[{"name":"wp","href":"https:\/\/api.w.org\/{rel}","templated":true}]}}