{"id":1562,"date":"2018-12-23T13:57:45","date_gmt":"2018-12-23T12:57:45","guid":{"rendered":"https:\/\/www.alexandraundcornel.ch\/index.php\/produkt\/joeri-ein-waschechter-buendner\/"},"modified":"2026-03-26T18:39:39","modified_gmt":"2026-03-26T17:39:39","slug":"joeri-ein-waschechter-buendner","status":"publish","type":"product","link":"https:\/\/www.wurzelart.ch\/index.php\/produkt\/joeri-ein-waschechter-buendner\/","title":{"rendered":"Albus und der Stein der Waisen (Neu)"},"content":{"rendered":"<p>Albus der grosse Zauberer aus Hogwarths.Sein Glaube ist unersch\u00fctterlich und er k\u00e4mpft f\u00fcr die gute Sache \u00fcberall wo er kann. Besonders hilfreich ist dabei seine ruhige und besonnene Art.<\/p>\n<p>&nbsp;<\/p>\n","protected":false},"excerpt":{"rendered":"<p>\u00bb.<\/p>\n<p>&nbsp;<\/p>\n","protected":false},"featured_media":1996,"comment_status":"closed","ping_status":"closed","template":"","meta":[],"product_brand":[],"product_cat":[40],"product_tag":[],"class_list":{"0":"post-1562","1":"product","2":"type-product","3":"status-publish","4":"has-post-thumbnail","6":"product_cat-unkategorisiert","8":"first","9":"instock","10":"virtual","11":"sold-individually","12":"purchasable","13":"product-type-simple"},"_links":{"self":[{"href":"https:\/\/www.wurzelart.ch\/index.php\/wp-json\/wp\/v2\/product\/1562","targetHints":{"allow":["GET"]}}],"collection":[{"href":"https:\/\/www.wurzelart.ch\/index.php\/wp-json\/wp\/v2\/product"}],"about":[{"href":"https:\/\/www.wurzelart.ch\/index.php\/wp-json\/wp\/v2\/types\/product"}],"replies":[{"embeddable":true,"href":"https:\/\/www.wurzelart.ch\/index.php\/wp-json\/wp\/v2\/comments?post=1562"}],"wp:featuredmedia":[{"embeddable":true,"href":"https:\/\/www.wurzelart.ch\/index.php\/wp-json\/wp\/v2\/media\/1996"}],"wp:attachment":[{"href":"https:\/\/www.wurzelart.ch\/index.php\/wp-json\/wp\/v2\/media?parent=1562"}],"wp:term":[{"taxonomy":"product_brand","embeddable":true,"href":"https:\/\/www.wurzelart.ch\/index.php\/wp-json\/wp\/v2\/product_brand?post=1562"},{"taxonomy":"product_cat","embeddable":true,"href":"https:\/\/www.wurzelart.ch\/index.php\/wp-json\/wp\/v2\/product_cat?post=1562"},{"taxonomy":"product_tag","embeddable":true,"href":"https:\/\/www.wurzelart.ch\/index.php\/wp-json\/wp\/v2\/product_tag?post=1562"}],"curies":[{"name":"wp","href":"https:\/\/api.w.org\/{rel}","templated":true}]}}