{"id":1572,"date":"2018-12-23T14:11:19","date_gmt":"2018-12-23T13:11:19","guid":{"rendered":"https:\/\/www.alexandraundcornel.ch\/index.php\/produkt\/einfluegliger-engel\/"},"modified":"2026-03-22T15:26:56","modified_gmt":"2026-03-22T14:26:56","slug":"einfluegliger-engel","status":"publish","type":"product","link":"https:\/\/www.wurzelart.ch\/index.php\/produkt\/einfluegliger-engel\/","title":{"rendered":"Pippi Langstrumpf mit Herr Nielson"},"content":{"rendered":"","protected":false},"excerpt":{"rendered":"<p><strong>Zauberhafte Pippi mit Herr Nielson<\/strong><\/p>\n<p>Nun sind sie wieder zur\u00fcck die beiden<br \/>\nPippi und Herr Nielson fungieren als Strssbarometer<\/p>\n<p>Affe auf der Schulter Stressbelastung ca 130% kommen Sie mir jetzt ja nicht zu nahe<br \/>\nAffe unter dem Arm Heute bin ich ansprechbar und voll Funktionsf\u00e4hig Stresslevel kleiner als 70%<br \/>\nAffe zwischen den Schuhen Ferienstimmung. Jetzt k\u00f6nnen kSie alles von mir haben.<\/p>\n<p>Ideal f\u00fcr F\u00fchrungspersonen.<\/p>\n<p>Auch ist sie etwas abergl\u00e4ubisch<br \/>\nPerlenschmuck liegt heute wieder hoch im Trend. Seit neuestem, werden Sie sogar von M\u00e4nnern getragen.<br \/>\nAls Schmuckst\u00fcck der K\u00f6nige werden Perlen seit Jahrhunderten gesch\u00e4tzt. Diese Edelsteine werden wegen ihrer nat\u00fcrlichen Sch\u00f6nheit und Seltenheit gesch\u00e4tzt und gelten oft als Symbol f\u00fcr Reichtum und Prestige.<br \/>\n<strong>&#8222;Tr\u00e4umen is ja erlaubt&#8220;.<br \/>\n<\/strong>Jeder hat mal klein angefangen und ein bisschen Selbstbewusstsein kann da nicht schaden.<\/p>\n<p>H\u00f6he 99cm<\/p>\n","protected":false},"featured_media":2221,"comment_status":"closed","ping_status":"closed","template":"","meta":[],"product_brand":[],"product_cat":[40],"product_tag":[],"class_list":{"0":"post-1572","1":"product","2":"type-product","3":"status-publish","4":"has-post-thumbnail","6":"product_cat-unkategorisiert","8":"first","9":"instock","10":"virtual","11":"sold-individually","12":"purchasable","13":"product-type-simple"},"_links":{"self":[{"href":"https:\/\/www.wurzelart.ch\/index.php\/wp-json\/wp\/v2\/product\/1572","targetHints":{"allow":["GET"]}}],"collection":[{"href":"https:\/\/www.wurzelart.ch\/index.php\/wp-json\/wp\/v2\/product"}],"about":[{"href":"https:\/\/www.wurzelart.ch\/index.php\/wp-json\/wp\/v2\/types\/product"}],"replies":[{"embeddable":true,"href":"https:\/\/www.wurzelart.ch\/index.php\/wp-json\/wp\/v2\/comments?post=1572"}],"wp:featuredmedia":[{"embeddable":true,"href":"https:\/\/www.wurzelart.ch\/index.php\/wp-json\/wp\/v2\/media\/2221"}],"wp:attachment":[{"href":"https:\/\/www.wurzelart.ch\/index.php\/wp-json\/wp\/v2\/media?parent=1572"}],"wp:term":[{"taxonomy":"product_brand","embeddable":true,"href":"https:\/\/www.wurzelart.ch\/index.php\/wp-json\/wp\/v2\/product_brand?post=1572"},{"taxonomy":"product_cat","embeddable":true,"href":"https:\/\/www.wurzelart.ch\/index.php\/wp-json\/wp\/v2\/product_cat?post=1572"},{"taxonomy":"product_tag","embeddable":true,"href":"https:\/\/www.wurzelart.ch\/index.php\/wp-json\/wp\/v2\/product_tag?post=1572"}],"curies":[{"name":"wp","href":"https:\/\/api.w.org\/{rel}","templated":true}]}}