{"id":1689,"date":"2020-12-31T15:10:13","date_gmt":"2020-12-31T14:10:13","guid":{"rendered":"https:\/\/www.wurzelart.ch\/?post_type=product&#038;p=1689"},"modified":"2026-03-22T15:22:16","modified_gmt":"2026-03-22T14:22:16","slug":"flurina-die-pianospielerin","status":"publish","type":"product","link":"https:\/\/www.wurzelart.ch\/index.php\/produkt\/flurina-die-pianospielerin\/","title":{"rendered":"Flurina die Pianospielerin"},"content":{"rendered":"","protected":false},"excerpt":{"rendered":"<p>Flurina wollte immer schon Musikerin werden. heute hat Sie es geschafft.\u00a0 T\u00e4glich \u00fcbt Sie mehrere Stunden an ihrem einzigartigen Piano und l\u00e4sst uns gerne an ihrer Musik teilhaben.<\/p>\n<p>Lebensmotto \u00abFr\u00fch \u00fcbt sich was ein Meister werden will\u00bb<\/p>\n","protected":false},"featured_media":1716,"comment_status":"closed","ping_status":"closed","template":"","meta":[],"product_brand":[],"product_cat":[40],"product_tag":[],"class_list":{"0":"post-1689","1":"product","2":"type-product","3":"status-publish","4":"has-post-thumbnail","6":"product_cat-unkategorisiert","8":"first","9":"instock","10":"virtual","11":"sold-individually","12":"purchasable","13":"product-type-simple"},"_links":{"self":[{"href":"https:\/\/www.wurzelart.ch\/index.php\/wp-json\/wp\/v2\/product\/1689","targetHints":{"allow":["GET"]}}],"collection":[{"href":"https:\/\/www.wurzelart.ch\/index.php\/wp-json\/wp\/v2\/product"}],"about":[{"href":"https:\/\/www.wurzelart.ch\/index.php\/wp-json\/wp\/v2\/types\/product"}],"replies":[{"embeddable":true,"href":"https:\/\/www.wurzelart.ch\/index.php\/wp-json\/wp\/v2\/comments?post=1689"}],"wp:featuredmedia":[{"embeddable":true,"href":"https:\/\/www.wurzelart.ch\/index.php\/wp-json\/wp\/v2\/media\/1716"}],"wp:attachment":[{"href":"https:\/\/www.wurzelart.ch\/index.php\/wp-json\/wp\/v2\/media?parent=1689"}],"wp:term":[{"taxonomy":"product_brand","embeddable":true,"href":"https:\/\/www.wurzelart.ch\/index.php\/wp-json\/wp\/v2\/product_brand?post=1689"},{"taxonomy":"product_cat","embeddable":true,"href":"https:\/\/www.wurzelart.ch\/index.php\/wp-json\/wp\/v2\/product_cat?post=1689"},{"taxonomy":"product_tag","embeddable":true,"href":"https:\/\/www.wurzelart.ch\/index.php\/wp-json\/wp\/v2\/product_tag?post=1689"}],"curies":[{"name":"wp","href":"https:\/\/api.w.org\/{rel}","templated":true}]}}