{"id":1929,"date":"2024-05-03T13:55:51","date_gmt":"2024-05-03T11:55:51","guid":{"rendered":"https:\/\/www.wurzelart.ch\/?post_type=product&#038;p=1929"},"modified":"2026-03-25T10:59:40","modified_gmt":"2026-03-25T09:59:40","slug":"maurus-mit-fips","status":"publish","type":"product","link":"https:\/\/www.wurzelart.ch\/index.php\/produkt\/maurus-mit-fips\/","title":{"rendered":"Geissenpeter mit Fips"},"content":{"rendered":"","protected":false},"excerpt":{"rendered":"<p>Maurus mit Fips<\/p>\n<p>Etwas verzweifelt halten die beiden Ausschau nach ihren Ziegen. Fips scheint etwas gerochen zu haben.<\/p>\n<p>Maurus liebt seinen Job als Ziegenhirt.\u00a0Zum Gl\u00fcck hat Maurus seine Herde gut erzogen. Nur kurz bl\u00e4st er ins Horn und schon kommen sie, aus der n\u00e4chsten Hecke auf die beiden zugerannt.<\/p>\n","protected":false},"featured_media":1943,"comment_status":"open","ping_status":"closed","template":"","meta":[],"product_brand":[],"product_cat":[40],"product_tag":[],"class_list":{"0":"post-1929","1":"product","2":"type-product","3":"status-publish","4":"has-post-thumbnail","6":"product_cat-unkategorisiert","8":"first","9":"instock","10":"shipping-taxable","11":"purchasable","12":"product-type-simple"},"_links":{"self":[{"href":"https:\/\/www.wurzelart.ch\/index.php\/wp-json\/wp\/v2\/product\/1929","targetHints":{"allow":["GET"]}}],"collection":[{"href":"https:\/\/www.wurzelart.ch\/index.php\/wp-json\/wp\/v2\/product"}],"about":[{"href":"https:\/\/www.wurzelart.ch\/index.php\/wp-json\/wp\/v2\/types\/product"}],"replies":[{"embeddable":true,"href":"https:\/\/www.wurzelart.ch\/index.php\/wp-json\/wp\/v2\/comments?post=1929"}],"wp:featuredmedia":[{"embeddable":true,"href":"https:\/\/www.wurzelart.ch\/index.php\/wp-json\/wp\/v2\/media\/1943"}],"wp:attachment":[{"href":"https:\/\/www.wurzelart.ch\/index.php\/wp-json\/wp\/v2\/media?parent=1929"}],"wp:term":[{"taxonomy":"product_brand","embeddable":true,"href":"https:\/\/www.wurzelart.ch\/index.php\/wp-json\/wp\/v2\/product_brand?post=1929"},{"taxonomy":"product_cat","embeddable":true,"href":"https:\/\/www.wurzelart.ch\/index.php\/wp-json\/wp\/v2\/product_cat?post=1929"},{"taxonomy":"product_tag","embeddable":true,"href":"https:\/\/www.wurzelart.ch\/index.php\/wp-json\/wp\/v2\/product_tag?post=1929"}],"curies":[{"name":"wp","href":"https:\/\/api.w.org\/{rel}","templated":true}]}}