{"id":2011,"date":"2025-10-15T18:53:05","date_gmt":"2025-10-15T16:53:05","guid":{"rendered":"https:\/\/www.wurzelart.ch\/?post_type=product&#038;p=2011"},"modified":"2026-03-25T11:01:27","modified_gmt":"2026-03-25T10:01:27","slug":"ein-hoerendes-herz","status":"publish","type":"product","link":"https:\/\/www.wurzelart.ch\/index.php\/produkt\/ein-hoerendes-herz\/","title":{"rendered":"Ein h\u00f6rendes Herz"},"content":{"rendered":"<p>Die Geschichte von K\u00f6nig Salomon<\/p>\n<p>Schauen wir ein bisschen in die Welt, wie sie uns derzeit pr\u00e4sentiert, fragen wir uns wahrscheinlich alle gerade. Wo bleibt die Gerechtigkeit. Weshalb k\u00f6nnen wenige, einzelne Menschen so viel Leid \u00fcber andere Menschen verbreiten.<\/p>\n<p>Was f\u00fcr ein Herz besitzen diese Menschen?<\/p>\n<p>Viele grossartige F\u00fchrer und gute Menschen stellten sich genau diese Frage bereits seit Jahrtausenden. Auch <strong>K\u00f6nig Salomon<\/strong> stand einst vor dieser Frage? Als er als junger K\u00f6nig sein Amt von seinem Vater \u00fcbernahm. K\u00f6nig Salomon lebte im 10. Jahrhundert vor Christus. Er war der Sohn von K\u00f6nig David und folgte ihm auf den Thron des vereinigten K\u00f6nigreichs Isarael. Als junger unerfahrener K\u00f6nig stellte er sich der Frage, wie kann ich ein gerechter K\u00f6nig f\u00fcr mein Volk sein. Als er so dar\u00fcber nachgr\u00fcbelte erschien ihm Gott und gew\u00e4hrte ihm einen Wunsch. Salomon musste lange \u00fcberlegen. Schliesslich w\u00fcnschte er sich nicht unermesslichen Reichtum oder ein langes Leben.<\/p>\n<p>Er w\u00fcnschte sich <strong>\u00abein h\u00f6rendes Herz\u00bb<\/strong>. Ein Herz, das mit allen Sinnen wahrnehmen kann. Jeder von uns tr\u00e4gt ein solches Herz bereits in sich. Wir werden jedoch t\u00e4glich von zwei Freunden begleitet.<\/p>\n<p>\u00abDer Innere Kritiker\u00bb und sein Gegenspieler \u00abDer innere Freund\u00bb. Wir haben die Wahl auf wen wir h\u00f6ren wollen. Der innere Kritiker ist auf den ersten Blick ein cooler Typ. So einer wie <strong>\u00ab<\/strong>Barth Simpson<strong>\u00bb<\/strong>. Eine l\u00e4cherliche Comic- oder Witzfigur. Leider f\u00fchrt er uns auf l\u00e4ngere Sicht, mit seinen Ratschl\u00e4gen ins Verderben.<\/p>\n<p>Der innere Freund hat etwas Magisches an sich. Ein \u00abZauberer wie Dumbledore\u00bb. Er f\u00fchrt uns besonnen durch unser Leben. Er\u00f6ffnet uns M\u00f6glichkeiten zwischenmenschlicher Liebe und Neugier und r\u00e4t uns unsere Tr\u00e4ume zu leben und den Verstand zu gebrauchen.<\/p>\n<p><strong>W\u00e4hlen Sie selbst worin sie Ihre Energie stecken wollen.<\/strong><\/p>\n","protected":false},"excerpt":{"rendered":"<p>Ein h\u00f6rendes Herz ist Teil einer Trilogie<\/p>\n<p>Die Geschichte von K\u00f6nig Salomon<\/p>\n<p>Schauen wir ein bisschen in die Welt, wie sie uns derzeit pr\u00e4sentiert, fragen wir uns wahrscheinlich alle gerade. Wo bleibt die Gerechtigkeit. Weshalb k\u00f6nnen wenige, einzelne Menschen so viel Leid \u00fcber andere Menschen verbreiten.<\/p>\n<p>Was f\u00fcr ein Herz besitzen diese Menschen?<\/p>\n<p>Viele grossartige F\u00fchrer und gute Menschen stellten sich genau diese Frage bereits seit Jahrtausenden. Auch <strong>K\u00f6nig Salomon<\/strong> stand einst vor dieser Frage? Als er als junger K\u00f6nig sein Amt von seinem Vater \u00fcbernahm. K\u00f6nig Salomon lebte im 10. Jahrhundert vor Christus. Er war der Sohn von K\u00f6nig David und folgte ihm auf den Thron des vereinigten K\u00f6nigreichs Isarael. Als junger unerfahrener K\u00f6nig stellte er sich der Frage, wie kann ich ein gerechter K\u00f6nig f\u00fcr mein Volk sein. Als er so dar\u00fcber nachgr\u00fcbelte erschien ihm Gott und gew\u00e4hrte ihm einen Wunsch. Salomon musste lange \u00fcberlegen. Schliesslich w\u00fcnschte er sich nicht unermesslichen Reichtum oder ein langes Leben.<\/p>\n<p>Er w\u00fcnschte sich <strong>\u00abein h\u00f6rendes Herz\u00bb<\/strong>. Ein Herz, das mit allen Sinnen wahrnehmen kann. Jeder von uns tr\u00e4gt ein solches Herz bereits in sich. Wir werden jedoch t\u00e4glich von zwei Freunden begleitet.<\/p>\n<p>\u00abDer Innere Kritiker\u00bb und sein Gegenspieler \u00abDer innere Freund\u00bb. Wir haben die Wahl auf wen wir h\u00f6ren wollen. Der innere Kritiker ist auf den ersten Blick ein cooler Typ. So einer wie <strong>\u00ab<\/strong>Barth Simpson<strong>\u00bb<\/strong>. Eine l\u00e4cherliche Comic- oder Witzfigur. Leider f\u00fchrt er uns auf l\u00e4ngere Sicht, mit seinen Ratschl\u00e4gen ins Verderben.<\/p>\n<p>Der innere Freund hat etwas Magisches an sich. Ein \u00abZauberer wie Dumbledore\u00bb. Er f\u00fchrt uns besonnen durch unser Leben. Er\u00f6ffnet uns M\u00f6glichkeiten zwischenmenschlicher Liebe und Neugier und r\u00e4t uns unsere Tr\u00e4ume zu leben und den Verstand zu gebrauchen.<\/p>\n<p><strong>W\u00e4hlen Sie selbst worin sie Ihre Energie stecken wollen.<\/strong><\/p>\n<p>Herz allein<\/p>\n<p>Preis CHF 820.00<\/p>\n","protected":false},"featured_media":2012,"comment_status":"open","ping_status":"closed","template":"","meta":[],"product_brand":[],"product_cat":[40],"product_tag":[],"class_list":{"0":"post-2011","1":"product","2":"type-product","3":"status-publish","4":"has-post-thumbnail","6":"product_cat-unkategorisiert","8":"first","9":"instock","10":"shipping-taxable","11":"purchasable","12":"product-type-simple"},"_links":{"self":[{"href":"https:\/\/www.wurzelart.ch\/index.php\/wp-json\/wp\/v2\/product\/2011","targetHints":{"allow":["GET"]}}],"collection":[{"href":"https:\/\/www.wurzelart.ch\/index.php\/wp-json\/wp\/v2\/product"}],"about":[{"href":"https:\/\/www.wurzelart.ch\/index.php\/wp-json\/wp\/v2\/types\/product"}],"replies":[{"embeddable":true,"href":"https:\/\/www.wurzelart.ch\/index.php\/wp-json\/wp\/v2\/comments?post=2011"}],"wp:featuredmedia":[{"embeddable":true,"href":"https:\/\/www.wurzelart.ch\/index.php\/wp-json\/wp\/v2\/media\/2012"}],"wp:attachment":[{"href":"https:\/\/www.wurzelart.ch\/index.php\/wp-json\/wp\/v2\/media?parent=2011"}],"wp:term":[{"taxonomy":"product_brand","embeddable":true,"href":"https:\/\/www.wurzelart.ch\/index.php\/wp-json\/wp\/v2\/product_brand?post=2011"},{"taxonomy":"product_cat","embeddable":true,"href":"https:\/\/www.wurzelart.ch\/index.php\/wp-json\/wp\/v2\/product_cat?post=2011"},{"taxonomy":"product_tag","embeddable":true,"href":"https:\/\/www.wurzelart.ch\/index.php\/wp-json\/wp\/v2\/product_tag?post=2011"}],"curies":[{"name":"wp","href":"https:\/\/api.w.org\/{rel}","templated":true}]}}